{"id":31455,"date":"2025-07-18T10:53:49","date_gmt":"2025-07-18T10:53:49","guid":{"rendered":"https:\/\/muvluxe.com\/product\/oversized-white-patchouli\/"},"modified":"2025-10-15T17:07:39","modified_gmt":"2025-10-15T17:07:39","slug":"oversized-white-patchouli","status":"publish","type":"product","link":"https:\/\/muvluxe.com\/it\/prodotto\/oversized-white-patchouli\/","title":{"rendered":"Oversized White Patchouli"},"content":{"rendered":"<div class=\"styles_head__ScAK7\">\n<div class=\"styles_head__ScAK7\">\n<p class=\"styles_design-body__aQY6y styles_grey-900__t6kc2\">\n<\/div>\n<div>\n<div class=\"styles_design-body__aQY6y styles_grey-500__LeHwk styles_panelBody__SU5lt styles_isFirstPanel__QgT2W\">\n<p><strong>Alexander McQueen<\/strong>, acteur majeur de l\u2019industrie du luxe et pilier de la mode, revisite les c\u00e9l\u00e8bres&nbsp;<strong>\u201cdad shoes\u201d<\/strong>&nbsp;aux semelles surdimensionn\u00e9es en imaginant un mod\u00e8le devenu incontournable au fil du temps : la&nbsp;<strong>Oversized Sneakers<\/strong>\u2026<\/p>\n<p>La&nbsp;<strong>Alexander McQueen Oversized White Patchouli<\/strong>&nbsp;pr\u00e9sente une base blanche en cuir, accompagn\u00e9e d\u2019un talon rose p\u00e2le en daim, sur lequel on d\u00e9couvre l\u2019inscription brod\u00e9e grise \u201cAlexander McQueen\u201d. La semelle oversized ne manque pas \u00e0 l\u2019appel et les lacets plats propres \u00e0 la silhouette viennent conclure le design.<\/p>\n<p>En revisitant la mode mondiale de la \u201cdad shoes\u201d, Alexander McQueen apporte une nouvelle dimension \u00e0 la silhouette en la d\u00e9clinant en une multitude de coloris, pour tous les go\u00fbts !<\/p>\n<\/div>\n<\/div>\n<\/div>","protected":false},"excerpt":{"rendered":"<p>Alexander McQueen, acteur majeur de l\u2019industrie du luxe et pilier de la mode, revisite les c\u00e9l\u00e8bres&nbsp;\u201cdad shoes\u201d&nbsp;aux semelles surdimensionn\u00e9es en imaginant un mod\u00e8le devenu incontournable au fil du temps : la&nbsp;Oversized Sneakers\u2026 La&nbsp;Alexander McQueen Oversized White Patchouli&nbsp;pr\u00e9sente une base blanche en cuir, accompagn\u00e9e d\u2019un talon rose p\u00e2le en daim, sur lequel on d\u00e9couvre l\u2019inscription brod\u00e9e [&hellip;]<\/p>\n","protected":false},"featured_media":31452,"template":"","meta":[],"product_brand":[353],"product_cat":[354,15,293],"product_tag":[],"class_list":{"0":"post-31455","1":"product","2":"type-product","3":"status-publish","4":"has-post-thumbnail","6":"product_brand-alexander-mcqueen","7":"product_cat-alexander-mcqueen-sneakers","8":"product_cat-all","9":"product_cat-sneakers","11":"first","12":"instock","13":"sale","14":"shipping-taxable","15":"purchasable","16":"product-type-variable"},"jetpack_sharing_enabled":true,"_links":{"self":[{"href":"https:\/\/muvluxe.com\/it\/wp-json\/wp\/v2\/product\/31455","targetHints":{"allow":["GET"]}}],"collection":[{"href":"https:\/\/muvluxe.com\/it\/wp-json\/wp\/v2\/product"}],"about":[{"href":"https:\/\/muvluxe.com\/it\/wp-json\/wp\/v2\/types\/product"}],"wp:featuredmedia":[{"embeddable":true,"href":"https:\/\/muvluxe.com\/it\/wp-json\/wp\/v2\/media\/31452"}],"wp:attachment":[{"href":"https:\/\/muvluxe.com\/it\/wp-json\/wp\/v2\/media?parent=31455"}],"wp:term":[{"taxonomy":"product_brand","embeddable":true,"href":"https:\/\/muvluxe.com\/it\/wp-json\/wp\/v2\/product_brand?post=31455"},{"taxonomy":"product_cat","embeddable":true,"href":"https:\/\/muvluxe.com\/it\/wp-json\/wp\/v2\/product_cat?post=31455"},{"taxonomy":"product_tag","embeddable":true,"href":"https:\/\/muvluxe.com\/it\/wp-json\/wp\/v2\/product_tag?post=31455"}],"curies":[{"name":"wp","href":"https:\/\/api.w.org\/{rel}","templated":true}]}}