{"id":31488,"date":"2025-07-18T10:54:17","date_gmt":"2025-07-18T10:54:17","guid":{"rendered":"https:\/\/muvluxe.com\/product\/oversized-white-pink\/"},"modified":"2025-10-15T17:07:16","modified_gmt":"2025-10-15T17:07:16","slug":"oversized-white-pink","status":"publish","type":"product","link":"https:\/\/muvluxe.com\/it\/prodotto\/oversized-white-pink\/","title":{"rendered":"Oversized White Pink"},"content":{"rendered":"<p>D\u00e9voil\u00e9 il y a quelques ann\u00e9es, le mod\u00e8le Oversized d\u2019<strong>Alexander McQueen<\/strong>&nbsp;s\u2019est progressivement install\u00e9 dans le&nbsp;paysage de la sneakers et est devenu tr\u00e8s populaire.<\/p>\n<p>La&nbsp;<strong>Alexander McQueen<\/strong>&nbsp;<strong>Oversized White Pink<\/strong>&nbsp;ne d\u00e9roge pas \u00e0 la r\u00e8gle. La marque de fabrique de cette paire sign\u00e9e Alexander McQueen reste la&nbsp;<strong>semelle oversize<\/strong>&nbsp;en&nbsp;<strong>caoutchouc<\/strong>. On retrouve&nbsp;\u00e9galement un&nbsp;<strong>contrefort<\/strong>&nbsp;<strong>rose p\u00e2le<\/strong>&nbsp;au niveau du talon qui vient contraster avec le&nbsp;<strong>cuir uni<\/strong>&nbsp;du reste de la paire.<\/p>\n<p>Silhouette reconnaissable, l\u2019<strong>Oversized<\/strong>&nbsp;apportera une touche chic \u00e0 votre tenue.<\/p>","protected":false},"excerpt":{"rendered":"<p>D\u00e9voil\u00e9 il y a quelques ann\u00e9es, le mod\u00e8le Oversized d\u2019Alexander McQueen&nbsp;s\u2019est progressivement install\u00e9 dans le&nbsp;paysage de la sneakers et est devenu tr\u00e8s populaire. La&nbsp;Alexander McQueen&nbsp;Oversized White Pink&nbsp;ne d\u00e9roge pas \u00e0 la r\u00e8gle. La marque de fabrique de cette paire sign\u00e9e Alexander McQueen reste la&nbsp;semelle oversize&nbsp;en&nbsp;caoutchouc. On retrouve&nbsp;\u00e9galement un&nbsp;contrefort&nbsp;rose p\u00e2le&nbsp;au niveau du talon qui vient contraster [&hellip;]<\/p>\n","protected":false},"featured_media":31487,"template":"","meta":[],"product_brand":[353],"product_cat":[354,15,293],"product_tag":[],"class_list":{"0":"post-31488","1":"product","2":"type-product","3":"status-publish","4":"has-post-thumbnail","6":"product_brand-alexander-mcqueen","7":"product_cat-alexander-mcqueen-sneakers","8":"product_cat-all","9":"product_cat-sneakers","11":"first","12":"instock","13":"sale","14":"shipping-taxable","15":"purchasable","16":"product-type-variable"},"jetpack_sharing_enabled":true,"_links":{"self":[{"href":"https:\/\/muvluxe.com\/it\/wp-json\/wp\/v2\/product\/31488","targetHints":{"allow":["GET"]}}],"collection":[{"href":"https:\/\/muvluxe.com\/it\/wp-json\/wp\/v2\/product"}],"about":[{"href":"https:\/\/muvluxe.com\/it\/wp-json\/wp\/v2\/types\/product"}],"wp:featuredmedia":[{"embeddable":true,"href":"https:\/\/muvluxe.com\/it\/wp-json\/wp\/v2\/media\/31487"}],"wp:attachment":[{"href":"https:\/\/muvluxe.com\/it\/wp-json\/wp\/v2\/media?parent=31488"}],"wp:term":[{"taxonomy":"product_brand","embeddable":true,"href":"https:\/\/muvluxe.com\/it\/wp-json\/wp\/v2\/product_brand?post=31488"},{"taxonomy":"product_cat","embeddable":true,"href":"https:\/\/muvluxe.com\/it\/wp-json\/wp\/v2\/product_cat?post=31488"},{"taxonomy":"product_tag","embeddable":true,"href":"https:\/\/muvluxe.com\/it\/wp-json\/wp\/v2\/product_tag?post=31488"}],"curies":[{"name":"wp","href":"https:\/\/api.w.org\/{rel}","templated":true}]}}