{"id":31519,"date":"2025-07-18T10:54:38","date_gmt":"2025-07-18T10:54:38","guid":{"rendered":"https:\/\/muvluxe.com\/product\/oversized-red\/"},"modified":"2025-10-15T17:07:16","modified_gmt":"2025-10-15T17:07:16","slug":"oversized-red","status":"publish","type":"product","link":"https:\/\/muvluxe.com\/it\/prodotto\/oversized-red\/","title":{"rendered":"Oversized Red"},"content":{"rendered":"<p><strong>Sizing<\/strong>&nbsp;: Taille grand, prendre une taille plus petit que votre taille habituelle.<\/p>\n<p><strong>Alexander McQueen&nbsp;<\/strong>est devenu avec le temps un pilier de l\u2019industrie mondiale du luxe, en r\u00e9inventant des silhouettes phares \u00e0 la semelle oversize.<strong>&nbsp;<\/strong>La Maison relance alors la tendance et se place comme le leader dans ce domaine, avec des cr\u00e9ations telles que la<strong>&nbsp;Oversized Red.<\/strong><\/p>\n<p>La&nbsp;<strong>Alexander McQueen Oversized Red<\/strong>&nbsp;se pare d\u2019un ensemble blanc en cuir, accompagn\u00e9 d\u2019un empi\u00e8cement rouge en su\u00e8de pr\u00e9sent au niveau du talon avec l\u2019inscription dor\u00e9e \u00ab Alexander McQueen \u00bb. La semelle demesur\u00e9e en caoutchouc, bien propre \u00e0 la silhouette du mod\u00e8le, est totalement v\u00eatue de blanc. Le design est compl\u00e9t\u00e9 par le la\u00e7age droit gr\u00e2ce aux lacets plats blancs.<\/p>\n<p>Ce mod\u00e8le devenu incontournable ne cesse de voir sa collection s\u2019agrandir de coloris divers et vari\u00e9s. Parmi eux, la&nbsp;<strong>Oversized Ivory Black<\/strong>&nbsp;ou encore la&nbsp;<strong>Oversized Blue Worker<\/strong>&nbsp;!<\/p>","protected":false},"excerpt":{"rendered":"<p>Sizing&nbsp;: Taille grand, prendre une taille plus petit que votre taille habituelle. Alexander McQueen&nbsp;est devenu avec le temps un pilier de l\u2019industrie mondiale du luxe, en r\u00e9inventant des silhouettes phares \u00e0 la semelle oversize.&nbsp;La Maison relance alors la tendance et se place comme le leader dans ce domaine, avec des cr\u00e9ations telles que la&nbsp;Oversized Red. [&hellip;]<\/p>\n","protected":false},"featured_media":31517,"template":"","meta":[],"product_brand":[353],"product_cat":[354,15,293],"product_tag":[],"class_list":{"0":"post-31519","1":"product","2":"type-product","3":"status-publish","4":"has-post-thumbnail","6":"product_brand-alexander-mcqueen","7":"product_cat-alexander-mcqueen-sneakers","8":"product_cat-all","9":"product_cat-sneakers","11":"first","12":"instock","13":"sale","14":"shipping-taxable","15":"purchasable","16":"product-type-variable"},"jetpack_sharing_enabled":true,"_links":{"self":[{"href":"https:\/\/muvluxe.com\/it\/wp-json\/wp\/v2\/product\/31519","targetHints":{"allow":["GET"]}}],"collection":[{"href":"https:\/\/muvluxe.com\/it\/wp-json\/wp\/v2\/product"}],"about":[{"href":"https:\/\/muvluxe.com\/it\/wp-json\/wp\/v2\/types\/product"}],"wp:featuredmedia":[{"embeddable":true,"href":"https:\/\/muvluxe.com\/it\/wp-json\/wp\/v2\/media\/31517"}],"wp:attachment":[{"href":"https:\/\/muvluxe.com\/it\/wp-json\/wp\/v2\/media?parent=31519"}],"wp:term":[{"taxonomy":"product_brand","embeddable":true,"href":"https:\/\/muvluxe.com\/it\/wp-json\/wp\/v2\/product_brand?post=31519"},{"taxonomy":"product_cat","embeddable":true,"href":"https:\/\/muvluxe.com\/it\/wp-json\/wp\/v2\/product_cat?post=31519"},{"taxonomy":"product_tag","embeddable":true,"href":"https:\/\/muvluxe.com\/it\/wp-json\/wp\/v2\/product_tag?post=31519"}],"curies":[{"name":"wp","href":"https:\/\/api.w.org\/{rel}","templated":true}]}}