{"id":31534,"date":"2025-07-18T10:54:46","date_gmt":"2025-07-18T10:54:46","guid":{"rendered":"https:\/\/muvluxe.com\/product\/oversized-holographique\/"},"modified":"2025-10-15T17:07:15","modified_gmt":"2025-10-15T17:07:15","slug":"oversized-holographique","status":"publish","type":"product","link":"https:\/\/muvluxe.com\/it\/prodotto\/oversized-holographique\/","title":{"rendered":"Oversized Holographique"},"content":{"rendered":"<p><strong>Sizing<\/strong>&nbsp;: Taille grand, prendre une taille plus petit que votre taille habituelle.<\/p>\n<p>La c\u00e9l\u00e8bre Maison&nbsp;<strong>Alexander McQueen<\/strong>&nbsp;continue d\u2019innover son Best-Seller avec un nouveau coloris qui ne passera pas inaper\u00e7u!<\/p>\n<p>La&nbsp;<strong>Alexander McQueen Oversized Holographique<\/strong>&nbsp;se compose d\u2019une empeigne en cuir premium blanc. On retrouve \u00e9videmment la semelle oversize qui a fait la renomm\u00e9e du mod\u00e8le. Les lacets plats et les oeillets suivent la tendance blanche de la silhouette. Le talon vient contraster le tout avec une mati\u00e8re&nbsp;<strong>holographique<\/strong>&nbsp;qui apporte une touche futuriste \u00e0 cette McQueen.<\/p>\n<p>Cette paire qui arrive \u00e0 m\u00e9langer des mat\u00e9riaux premium avec une touche d\u2019innovation permet de faire des outfits \u00e0 la fois classe et tendance!<\/p>","protected":false},"excerpt":{"rendered":"<p>Sizing&nbsp;: Taille grand, prendre une taille plus petit que votre taille habituelle. La c\u00e9l\u00e8bre Maison&nbsp;Alexander McQueen&nbsp;continue d\u2019innover son Best-Seller avec un nouveau coloris qui ne passera pas inaper\u00e7u! La&nbsp;Alexander McQueen Oversized Holographique&nbsp;se compose d\u2019une empeigne en cuir premium blanc. On retrouve \u00e9videmment la semelle oversize qui a fait la renomm\u00e9e du mod\u00e8le. Les lacets plats [&hellip;]<\/p>\n","protected":false},"featured_media":31533,"template":"","meta":[],"product_brand":[353],"product_cat":[354,15,293],"product_tag":[],"class_list":{"0":"post-31534","1":"product","2":"type-product","3":"status-publish","4":"has-post-thumbnail","6":"product_brand-alexander-mcqueen","7":"product_cat-alexander-mcqueen-sneakers","8":"product_cat-all","9":"product_cat-sneakers","11":"first","12":"instock","13":"sale","14":"shipping-taxable","15":"purchasable","16":"product-type-variable"},"jetpack_sharing_enabled":true,"_links":{"self":[{"href":"https:\/\/muvluxe.com\/it\/wp-json\/wp\/v2\/product\/31534","targetHints":{"allow":["GET"]}}],"collection":[{"href":"https:\/\/muvluxe.com\/it\/wp-json\/wp\/v2\/product"}],"about":[{"href":"https:\/\/muvluxe.com\/it\/wp-json\/wp\/v2\/types\/product"}],"wp:featuredmedia":[{"embeddable":true,"href":"https:\/\/muvluxe.com\/it\/wp-json\/wp\/v2\/media\/31533"}],"wp:attachment":[{"href":"https:\/\/muvluxe.com\/it\/wp-json\/wp\/v2\/media?parent=31534"}],"wp:term":[{"taxonomy":"product_brand","embeddable":true,"href":"https:\/\/muvluxe.com\/it\/wp-json\/wp\/v2\/product_brand?post=31534"},{"taxonomy":"product_cat","embeddable":true,"href":"https:\/\/muvluxe.com\/it\/wp-json\/wp\/v2\/product_cat?post=31534"},{"taxonomy":"product_tag","embeddable":true,"href":"https:\/\/muvluxe.com\/it\/wp-json\/wp\/v2\/product_tag?post=31534"}],"curies":[{"name":"wp","href":"https:\/\/api.w.org\/{rel}","templated":true}]}}