{"id":5098,"date":"2025-07-02T15:44:40","date_gmt":"2025-07-02T15:44:40","guid":{"rendered":"https:\/\/muvluxe.com\/product\/borsa-a-spalla-horsebit-1955-misura-piccola-supreme-bianca\/"},"modified":"2025-10-14T17:28:44","modified_gmt":"2025-10-14T17:28:44","slug":"borsa-a-spalla-horsebit-1955-misura-piccola-supreme-bianca","status":"publish","type":"product","link":"https:\/\/muvluxe.com\/it\/prodotto\/borsa-a-spalla-horsebit-1955-misura-piccola-supreme-bianca\/","title":{"rendered":"BORSA A SPALLA HORSEBIT 1955 MISURA PICCOLA SUPREME BIANCA"},"content":{"rendered":"<p>BORSA GUCCI A SPALLA HORSEBIT 1955 MISURA PICCOLA SUPREME BIANCA<\/p>\n<p>Nell\u2019ultima collezione, la linea Gucci 1955 Horsebit si arricchisce di una borsa a spalla piccola che offre maggiori versatilit\u00e0 e funzionalit\u00e0. Il modello \u00e8 proposto in un\u2019esclusiva versione in pelle bianca ed \u00e8 completato dalla chiusura con zip e dalla tracolla regolabile.<\/p>\n<p>Pelle bianca<br \/>\nFiniture color oro<br \/>\nParte della selezione\u00a0Gucci Tag, questo prodotto \u00e8 integrato con la tecnologia NFC: un modo innovativo per scoprire e autenticare il tuo articolo digitalmente.<br \/>\nFodera in cotone e lino<br \/>\nMorsetto<br \/>\nInterno: 1 portacarte<br \/>\nTasca esterna aperta<br \/>\nLunghezza cinghia: da 113 cm a 127 cm<br \/>\nTracolla regolabile, altezza (luce): 50 \u2013 57 cm<br \/>\nChiusura con cerniera<br \/>\nL 20 cm x A 13 cm x P 6 cm<br \/>\nPeso: circa 0,6 kg<br \/>\nFabbricato in Italia<br \/>\nPu\u00f2 contenere iPhone Pro Max\/Plus, Airpods, portafoglio piccolo e rossetto<\/p>","protected":false},"excerpt":{"rendered":"<p>BORSA GUCCI A SPALLA HORSEBIT 1955 MISURA PICCOLA SUPREME BIANCA Nell\u2019ultima collezione, la linea Gucci 1955 Horsebit si arricchisce di una borsa a spalla piccola che offre maggiori versatilit\u00e0 e funzionalit\u00e0. Il modello \u00e8 proposto in un\u2019esclusiva versione in pelle bianca ed \u00e8 completato dalla chiusura con zip e dalla tracolla regolabile. Pelle bianca Finiture [&hellip;]<\/p>\n","protected":false},"featured_media":5093,"template":"","meta":[],"product_brand":[224],"product_cat":[15,226,225],"product_tag":[],"class_list":{"0":"post-5098","1":"product","2":"type-product","3":"status-publish","4":"has-post-thumbnail","6":"product_brand-gucci","7":"product_cat-all","8":"product_cat-bags-for-women","9":"product_cat-women","11":"first","12":"instock","13":"sale","14":"shipping-taxable","15":"purchasable","16":"product-type-simple"},"jetpack_sharing_enabled":true,"_links":{"self":[{"href":"https:\/\/muvluxe.com\/it\/wp-json\/wp\/v2\/product\/5098","targetHints":{"allow":["GET"]}}],"collection":[{"href":"https:\/\/muvluxe.com\/it\/wp-json\/wp\/v2\/product"}],"about":[{"href":"https:\/\/muvluxe.com\/it\/wp-json\/wp\/v2\/types\/product"}],"wp:featuredmedia":[{"embeddable":true,"href":"https:\/\/muvluxe.com\/it\/wp-json\/wp\/v2\/media\/5093"}],"wp:attachment":[{"href":"https:\/\/muvluxe.com\/it\/wp-json\/wp\/v2\/media?parent=5098"}],"wp:term":[{"taxonomy":"product_brand","embeddable":true,"href":"https:\/\/muvluxe.com\/it\/wp-json\/wp\/v2\/product_brand?post=5098"},{"taxonomy":"product_cat","embeddable":true,"href":"https:\/\/muvluxe.com\/it\/wp-json\/wp\/v2\/product_cat?post=5098"},{"taxonomy":"product_tag","embeddable":true,"href":"https:\/\/muvluxe.com\/it\/wp-json\/wp\/v2\/product_tag?post=5098"}],"curies":[{"name":"wp","href":"https:\/\/api.w.org\/{rel}","templated":true}]}}