{"id":5489,"date":"2025-07-02T16:28:53","date_gmt":"2025-07-02T16:28:53","guid":{"rendered":"https:\/\/muvluxe.com\/product\/borsa-icare-grande-beige-logo-oro\/"},"modified":"2025-10-14T17:20:55","modified_gmt":"2025-10-14T17:20:55","slug":"borsa-icare-grande-beige-logo-oro","status":"publish","type":"product","link":"https:\/\/muvluxe.com\/it\/prodotto\/borsa-icare-grande-beige-logo-oro\/","title":{"rendered":"BORSA ICARE GRANDE BEIGE LOGO ORO"},"content":{"rendered":"<p>BORSA SAINT LAURENT ICARE GRANDE BEIGE LOGO ORO<\/p>\n<p>MAXI TOTE BAG IN SUEDE NABUK ORNATA DEL MOTIVO CASSANDRE VERSIONE OVERSIZE.<br \/>\nLA CATENELLA INTERNA PERMETTE DI REGOLARNE IL VOLUME.<br \/>\n\u00c8 DOTATA DI UNA POCHETTE IN NAPPA MATELASS\u00c9 AMOVIBILE.<\/p>\n<p>PELLE CONCIATA SENZA CROMO N\u00c9 METALLI<\/p>\n<p>DIMENSIONI: 38\u201358\u00a0X\u00a043\u00a0X\u00a08\u00a0CM<\/p>\n<p>ALTEZZA DEL MANICO: 23\u00a0CM<\/p>\n<p>SI PU\u00d2 PORTARE APERTA O CON I LATI CHIUSI.<\/p>\n<p>PARTI METALLICHE COLOR BRONZO<\/p>\n<p>CATENELLA IN METALLO AMOVIBILE CON CHIUSURA A T<\/p>\n<p>INTERNO: UNO SCOMPARTO PRINCIPALE, UNA TASCA CON ZIP E UNA POCHETTE CON ZIP AMOVIBILE E TASCA APPLICATA<\/p>\n<p>FODERA IN GROS-GRAIN<\/p>\n<p>100% PELLE DI VITELLO<\/p>","protected":false},"excerpt":{"rendered":"<p>BORSA SAINT LAURENT ICARE GRANDE BEIGE LOGO ORO MAXI TOTE BAG IN SUEDE NABUK ORNATA DEL MOTIVO CASSANDRE VERSIONE OVERSIZE. LA CATENELLA INTERNA PERMETTE DI REGOLARNE IL VOLUME. \u00c8 DOTATA DI UNA POCHETTE IN NAPPA MATELASS\u00c9 AMOVIBILE. PELLE CONCIATA SENZA CROMO N\u00c9 METALLI DIMENSIONI: 38\u201358\u00a0X\u00a043\u00a0X\u00a08\u00a0CM ALTEZZA DEL MANICO: 23\u00a0CM SI PU\u00d2 PORTARE APERTA O CON [&hellip;]<\/p>\n","protected":false},"featured_media":5484,"template":"","meta":[],"product_brand":[223],"product_cat":[15,226,225],"product_tag":[],"class_list":{"0":"post-5489","1":"product","2":"type-product","3":"status-publish","4":"has-post-thumbnail","6":"product_brand-ysl","7":"product_cat-all","8":"product_cat-bags-for-women","9":"product_cat-women","11":"first","12":"instock","13":"sale","14":"shipping-taxable","15":"purchasable","16":"product-type-simple"},"jetpack_sharing_enabled":true,"_links":{"self":[{"href":"https:\/\/muvluxe.com\/it\/wp-json\/wp\/v2\/product\/5489","targetHints":{"allow":["GET"]}}],"collection":[{"href":"https:\/\/muvluxe.com\/it\/wp-json\/wp\/v2\/product"}],"about":[{"href":"https:\/\/muvluxe.com\/it\/wp-json\/wp\/v2\/types\/product"}],"wp:featuredmedia":[{"embeddable":true,"href":"https:\/\/muvluxe.com\/it\/wp-json\/wp\/v2\/media\/5484"}],"wp:attachment":[{"href":"https:\/\/muvluxe.com\/it\/wp-json\/wp\/v2\/media?parent=5489"}],"wp:term":[{"taxonomy":"product_brand","embeddable":true,"href":"https:\/\/muvluxe.com\/it\/wp-json\/wp\/v2\/product_brand?post=5489"},{"taxonomy":"product_cat","embeddable":true,"href":"https:\/\/muvluxe.com\/it\/wp-json\/wp\/v2\/product_cat?post=5489"},{"taxonomy":"product_tag","embeddable":true,"href":"https:\/\/muvluxe.com\/it\/wp-json\/wp\/v2\/product_tag?post=5489"}],"curies":[{"name":"wp","href":"https:\/\/api.w.org\/{rel}","templated":true}]}}