{"id":9009,"date":"2025-07-10T12:59:40","date_gmt":"2025-07-10T12:59:40","guid":{"rendered":"https:\/\/muvluxe.com\/product\/og-denim\/"},"modified":"2025-10-15T12:31:57","modified_gmt":"2025-10-15T12:31:57","slug":"og-denim","status":"publish","type":"product","link":"https:\/\/muvluxe.com\/it\/prodotto\/og-denim\/","title":{"rendered":"OG Denim"},"content":{"rendered":"<p>Jordan Brand ancora una volta mette in evidenza il file <strong>Air Jordan 1 High<\/strong>&nbsp;Attraverso un colore apprezzato che si \u00e8 gi\u00e0 dimostrato.<\/p>\n<p>L\u00e0&nbsp;<strong>Air Jordan 1 High OG Denim<\/strong>&nbsp;Visualizza una base in&nbsp;<strong>pelle bianca<\/strong>&nbsp;accompagnato da sovrapposizioni in&nbsp;<strong>denim sbiadito<\/strong>. Delle&nbsp;<strong>bordi grezzi<\/strong>&nbsp;Dai una trama e porta autenticit\u00e0 a questa silhouette lavorata. Per finire tutto, imponente&nbsp;<strong>Doubr\u00e9s in metallo dorato<\/strong>&nbsp;evidenzia a&nbsp;<strong>Jumpman<\/strong>&nbsp;e registrazione \u201c<strong>Jordan<\/strong>\u201c.<\/p>\n<p>Gi\u00e0 visto sul&nbsp;<strong>Air Jordan 1 Low<\/strong>&nbsp;e il&nbsp;<strong>Air Jordan 6<\/strong>, questo colore washed denim ritorna a uno dei modelli pi\u00f9 popolari di sneakers Tossicodipendenti.<\/p>","protected":false},"excerpt":{"rendered":"<p>Jordan Brand ancora una volta mette in evidenza il file Air Jordan 1 High&nbsp;Attraverso un colore apprezzato che si \u00e8 gi\u00e0 dimostrato. L\u00e0&nbsp;Air Jordan 1 High OG Denim&nbsp;Visualizza una base in&nbsp;pelle bianca&nbsp;accompagnato da sovrapposizioni in&nbsp;denim sbiadito. Delle&nbsp;bordi grezzi&nbsp;Dai una trama e porta autenticit\u00e0 a questa silhouette lavorata. Per finire tutto, imponente&nbsp;Doubr\u00e9s in metallo dorato&nbsp;evidenzia a&nbsp;Jumpman&nbsp;e [&hellip;]<\/p>\n","protected":false},"featured_media":9006,"template":"","meta":[],"product_brand":[292],"product_cat":[294,15,293],"product_tag":[],"class_list":{"0":"post-9009","1":"product","2":"type-product","3":"status-publish","4":"has-post-thumbnail","6":"product_brand-air-jordan","7":"product_cat-air-jordan-1","8":"product_cat-all","9":"product_cat-sneakers","11":"first","12":"instock","13":"sale","14":"shipping-taxable","15":"purchasable","16":"product-type-variable"},"jetpack_sharing_enabled":true,"_links":{"self":[{"href":"https:\/\/muvluxe.com\/it\/wp-json\/wp\/v2\/product\/9009","targetHints":{"allow":["GET"]}}],"collection":[{"href":"https:\/\/muvluxe.com\/it\/wp-json\/wp\/v2\/product"}],"about":[{"href":"https:\/\/muvluxe.com\/it\/wp-json\/wp\/v2\/types\/product"}],"wp:featuredmedia":[{"embeddable":true,"href":"https:\/\/muvluxe.com\/it\/wp-json\/wp\/v2\/media\/9006"}],"wp:attachment":[{"href":"https:\/\/muvluxe.com\/it\/wp-json\/wp\/v2\/media?parent=9009"}],"wp:term":[{"taxonomy":"product_brand","embeddable":true,"href":"https:\/\/muvluxe.com\/it\/wp-json\/wp\/v2\/product_brand?post=9009"},{"taxonomy":"product_cat","embeddable":true,"href":"https:\/\/muvluxe.com\/it\/wp-json\/wp\/v2\/product_cat?post=9009"},{"taxonomy":"product_tag","embeddable":true,"href":"https:\/\/muvluxe.com\/it\/wp-json\/wp\/v2\/product_tag?post=9009"}],"curies":[{"name":"wp","href":"https:\/\/api.w.org\/{rel}","templated":true}]}}